{"id":938,"date":"2023-03-16T12:06:39","date_gmt":"2023-03-16T12:06:39","guid":{"rendered":"https:\/\/luminavillasalgarve.com\/?page_id=938"},"modified":"2026-03-10T12:27:24","modified_gmt":"2026-03-10T12:27:24","slug":"galeria","status":"publish","type":"page","link":"https:\/\/luminavillasalgarve.com\/pt-pt\/galeria\/","title":{"rendered":"Lumina Villas | Galeria"},"content":{"rendered":"<section class=\"l-section wpb_row height_medium width_full with_video\"><div id=\"us_bg_video_o971\" class=\"l-section-video\"><script id=\"us_bg_video_o971-script\">!function(w){var node = document.getElementById( 'us_bg_video_o971' );if ( w.innerWidth <= 1 ) { node.remove() }}(window);<\/script><style>@media(max-width:1px){#us_bg_video_o971{display:none!important}}<\/style><video  autoplay loop muted playsinline preload=\"auto\" tabindex=\"-1\"><source type=\"video\/mp4\" src=\"https:\/\/luminavillasalgarve.com\/wp-content\/uploads\/2026\/01\/VideoProfissional_RM.mp4\" \/><\/video><\/div><div class=\"l-section-overlay\" style=\"background:rgba(0,0,0,0.20)\"><\/div><div class=\"l-section-h i-cf\"><div class=\"g-cols vc_row via_grid cols_1-2-1 laptops-cols_inherit tablets-cols_inherit mobiles-cols_1 valign_top type_default stacking_default\"><div class=\"wpb_column vc_column_container\"><div class=\"vc_column-inner\"><\/div><\/div><div class=\"wpb_column vc_column_container\"><div class=\"vc_column-inner\"><div class=\"wpb_text_column\"><div class=\"wpb_wrapper\"><h1 style=\"text-align: center;\"><span style=\"color: #ffffff;\">GALERIA<br \/>\n<\/span><\/h1>\n<\/div><\/div><\/div><\/div><div class=\"wpb_column vc_column_container\"><div class=\"vc_column-inner\">[vc_wp_text]<audio autoplay=\"autoplay\" loop=\"loop\"><br \/><source src=\"Melro-HMV-.mp3\" type=\"audio\/mpeg\" \/><br \/>\nYour browser does not support the audio element.<br \/><\/audio>[\/vc_wp_text]<\/div><\/div><\/div><\/div><\/section><section class=\"l-section wpb_row height_medium\"><div class=\"l-section-h i-cf\"><div class=\"g-cols vc_row via_grid cols_1 laptops-cols_inherit tablets-cols_inherit mobiles-cols_1 valign_top type_default stacking_default\"><div class=\"wpb_column vc_column_container\"><div class=\"vc_column-inner\">[vc_masonry_media_grid style=&#8221;lazy&#8221; items_per_page=&#8221;40&#8243; css=&#8221;&#8221; grid_id=&#8221;vc_gid:1772465070311-a9bbed2e-eb49-8&#8243; include=&#8221;1605,1608,1665,1621,1679,1637,1627,1625,1623,1681,1672,1641,1643,1645,1647,1649,1639,1651,1674,1629,1661,1655,1653,1657,1659,1663,1724,1695,1691,1699,1875,1873,1871,1869&#8243;]<\/div><\/div><\/div><\/div><\/section><section class=\"l-section wpb_row height_medium\"><div class=\"l-section-h i-cf\"><div class=\"g-cols vc_row via_grid cols_1 laptops-cols_inherit tablets-cols_inherit mobiles-cols_1 valign_top type_default stacking_default\"><div class=\"wpb_column vc_column_container\"><div class=\"vc_column-inner\"><div class=\"wpb_text_column\"><div class=\"wpb_wrapper\"><\/div><\/div><\/div><\/div><\/div><\/div><\/section>\n","protected":false},"excerpt":{"rendered":"GALERIA [vc_wp_text] Your browser does not support the audio element. [\/vc_wp_text][vc_masonry_media_grid style=\"lazy\" items_per_page=\"40\" css=\"\" grid_id=\"vc_gid:1772465070311-a9bbed2e-eb49-8\" include=\"1605,1608,1665,1621,1679,1637,1627,1625,1623,1681,1672,1641,1643,1645,1647,1649,1639,1651,1674,1629,1661,1655,1653,1657,1659,1663,1724,1695,1691,1699,1875,1873,1871,1869\"]","protected":false},"author":1,"featured_media":0,"parent":0,"menu_order":0,"comment_status":"closed","ping_status":"closed","template":"","meta":{"footnotes":""},"class_list":["post-938","page","type-page","status-publish","hentry"],"yoast_head":"<!-- This site is optimized with the Yoast SEO plugin v27.2 - https:\/\/yoast.com\/product\/yoast-seo-wordpress\/ -->\n<title>Galeria | Lumina Villas<\/title>\n<meta name=\"description\" content=\"Localizado nas fal\u00e9sias do Carvoeiro, onde a arquitetura caiada de branco se encontra com o azul do Atl\u00e2ntico, o Lumina Villas oferece uma cole\u00e7\u00e3o exclusiva de moradias modernas dentro de um condom\u00ednio e resort seguro.\" \/>\n<meta name=\"robots\" content=\"index, follow, max-snippet:-1, max-image-preview:large, max-video-preview:-1\" \/>\n<link rel=\"canonical\" href=\"https:\/\/luminavillasalgarve.com\/pt-pt\/galeria\/\" \/>\n<meta property=\"og:locale\" content=\"pt_PT\" \/>\n<meta property=\"og:type\" content=\"article\" \/>\n<meta property=\"og:title\" content=\"Galeria | Lumina Villas\" \/>\n<meta property=\"og:description\" content=\"Localizado nas fal\u00e9sias do Carvoeiro, onde a arquitetura caiada de branco se encontra com o azul do Atl\u00e2ntico, o Lumina Villas oferece uma cole\u00e7\u00e3o exclusiva de moradias modernas dentro de um condom\u00ednio e resort seguro.\" \/>\n<meta property=\"og:url\" content=\"https:\/\/luminavillasalgarve.com\/pt-pt\/galeria\/\" \/>\n<meta property=\"og:site_name\" content=\"Live the &ldquo;Sunny Easy Life&rdquo; at Lumina Villas in Carvoeiro, Algarve. An intimate, gated enclave of fully equipped townhouses in postcard-pretty Carvoeiro, designed for effortless indoor-outdoor living with private gardens and terraces. Book now to secure your preferred dates and create the Algarve holiday you&rsquo;ve been dreaming of.\" \/>\n<meta property=\"article:modified_time\" content=\"2026-03-10T12:27:24+00:00\" \/>\n<meta name=\"twitter:card\" content=\"summary_large_image\" \/>\n<meta name=\"twitter:label1\" content=\"Tempo estimado de leitura\" \/>\n\t<meta name=\"twitter:data1\" content=\"1 minuto\" \/>\n<script type=\"application\/ld+json\" class=\"yoast-schema-graph\">{\"@context\":\"https:\/\/schema.org\",\"@graph\":[{\"@type\":\"WebPage\",\"@id\":\"https:\/\/luminavillasalgarve.com\/pt-pt\/galeria\/\",\"url\":\"https:\/\/luminavillasalgarve.com\/pt-pt\/galeria\/\",\"name\":\"Galeria | Lumina Villas\",\"isPartOf\":{\"@id\":\"https:\/\/luminavillasalgarve.com\/pt-pt\/#website\"},\"datePublished\":\"2023-03-16T12:06:39+00:00\",\"dateModified\":\"2026-03-10T12:27:24+00:00\",\"description\":\"Localizado nas fal\u00e9sias do Carvoeiro, onde a arquitetura caiada de branco se encontra com o azul do Atl\u00e2ntico, o Lumina Villas oferece uma cole\u00e7\u00e3o exclusiva de moradias modernas dentro de um condom\u00ednio e resort seguro.\",\"breadcrumb\":{\"@id\":\"https:\/\/luminavillasalgarve.com\/pt-pt\/galeria\/#breadcrumb\"},\"inLanguage\":\"pt-PT\",\"potentialAction\":[{\"@type\":\"ReadAction\",\"target\":[\"https:\/\/luminavillasalgarve.com\/pt-pt\/galeria\/\"]}]},{\"@type\":\"BreadcrumbList\",\"@id\":\"https:\/\/luminavillasalgarve.com\/pt-pt\/galeria\/#breadcrumb\",\"itemListElement\":[{\"@type\":\"ListItem\",\"position\":1,\"name\":\"In\u00edcio\",\"item\":\"https:\/\/luminavillasalgarve.com\/pt-pt\/\"},{\"@type\":\"ListItem\",\"position\":2,\"name\":\"Lumina Villas | Galeria\"}]},{\"@type\":\"WebSite\",\"@id\":\"https:\/\/luminavillasalgarve.com\/pt-pt\/#website\",\"url\":\"https:\/\/luminavillasalgarve.com\/pt-pt\/\",\"name\":\"Live the &ldquo;Sunny Easy Life&rdquo; at Lumina Villas in Carvoeiro, Algarve. An intimate, gated enclave of fully equipped townhouses in postcard-pretty Carvoeiro, designed for effortless indoor-outdoor living with private gardens and terraces. Book now to secure your preferred dates and create the Algarve holiday you&rsquo;ve been dreaming of.\",\"description\":\"A gated condominium in Algarve, Carvoeiro of townhouse-style villas with generous private gardens, terraces and balconies\u2014paired with resort facilities designed for relaxed family stays\",\"publisher\":{\"@id\":\"https:\/\/luminavillasalgarve.com\/pt-pt\/#organization\"},\"potentialAction\":[{\"@type\":\"SearchAction\",\"target\":{\"@type\":\"EntryPoint\",\"urlTemplate\":\"https:\/\/luminavillasalgarve.com\/pt-pt\/?s={search_term_string}\"},\"query-input\":{\"@type\":\"PropertyValueSpecification\",\"valueRequired\":true,\"valueName\":\"search_term_string\"}}],\"inLanguage\":\"pt-PT\"},{\"@type\":\"Organization\",\"@id\":\"https:\/\/luminavillasalgarve.com\/pt-pt\/#organization\",\"name\":\"Live the &ldquo;Sunny Easy Life&rdquo; at Lumina Villas in Carvoeiro, Algarve. An intimate, gated enclave of fully equipped townhouses in postcard-pretty Carvoeiro, designed for effortless indoor-outdoor living with private gardens and terraces. Book now to secure your preferred dates and create the Algarve holiday you&rsquo;ve been dreaming of.\",\"url\":\"https:\/\/luminavillasalgarve.com\/pt-pt\/\",\"logo\":{\"@type\":\"ImageObject\",\"inLanguage\":\"pt-PT\",\"@id\":\"https:\/\/luminavillasalgarve.com\/pt-pt\/#\/schema\/logo\/image\/\",\"url\":\"\",\"contentUrl\":\"\",\"caption\":\"Live the &ldquo;Sunny Easy Life&rdquo; at Lumina Villas in Carvoeiro, Algarve.  An intimate, gated enclave of fully equipped townhouses in postcard-pretty Carvoeiro, designed for effortless indoor-outdoor living with private gardens and terraces. Book now to secure your preferred dates and create the Algarve holiday you&rsquo;ve been dreaming of.\"},\"image\":{\"@id\":\"https:\/\/luminavillasalgarve.com\/pt-pt\/#\/schema\/logo\/image\/\"},\"sameAs\":[\"https:\/\/www.instagram.com\/herdademonteverde\/\"]}]}<\/script>\n<!-- \/ Yoast SEO plugin. -->","yoast_head_json":{"title":"Galeria | Lumina Villas","description":"Localizado nas fal\u00e9sias do Carvoeiro, onde a arquitetura caiada de branco se encontra com o azul do Atl\u00e2ntico, o Lumina Villas oferece uma cole\u00e7\u00e3o exclusiva de moradias modernas dentro de um condom\u00ednio e resort seguro.","robots":{"index":"index","follow":"follow","max-snippet":"max-snippet:-1","max-image-preview":"max-image-preview:large","max-video-preview":"max-video-preview:-1"},"canonical":"https:\/\/luminavillasalgarve.com\/pt-pt\/galeria\/","og_locale":"pt_PT","og_type":"article","og_title":"Galeria | Lumina Villas","og_description":"Localizado nas fal\u00e9sias do Carvoeiro, onde a arquitetura caiada de branco se encontra com o azul do Atl\u00e2ntico, o Lumina Villas oferece uma cole\u00e7\u00e3o exclusiva de moradias modernas dentro de um condom\u00ednio e resort seguro.","og_url":"https:\/\/luminavillasalgarve.com\/pt-pt\/galeria\/","og_site_name":"Live the &ldquo;Sunny Easy Life&rdquo; at Lumina Villas in Carvoeiro, Algarve. An intimate, gated enclave of fully equipped townhouses in postcard-pretty Carvoeiro, designed for effortless indoor-outdoor living with private gardens and terraces. Book now to secure your preferred dates and create the Algarve holiday you&rsquo;ve been dreaming of.","article_modified_time":"2026-03-10T12:27:24+00:00","twitter_card":"summary_large_image","twitter_misc":{"Tempo estimado de leitura":"1 minuto"},"schema":{"@context":"https:\/\/schema.org","@graph":[{"@type":"WebPage","@id":"https:\/\/luminavillasalgarve.com\/pt-pt\/galeria\/","url":"https:\/\/luminavillasalgarve.com\/pt-pt\/galeria\/","name":"Galeria | Lumina Villas","isPartOf":{"@id":"https:\/\/luminavillasalgarve.com\/pt-pt\/#website"},"datePublished":"2023-03-16T12:06:39+00:00","dateModified":"2026-03-10T12:27:24+00:00","description":"Localizado nas fal\u00e9sias do Carvoeiro, onde a arquitetura caiada de branco se encontra com o azul do Atl\u00e2ntico, o Lumina Villas oferece uma cole\u00e7\u00e3o exclusiva de moradias modernas dentro de um condom\u00ednio e resort seguro.","breadcrumb":{"@id":"https:\/\/luminavillasalgarve.com\/pt-pt\/galeria\/#breadcrumb"},"inLanguage":"pt-PT","potentialAction":[{"@type":"ReadAction","target":["https:\/\/luminavillasalgarve.com\/pt-pt\/galeria\/"]}]},{"@type":"BreadcrumbList","@id":"https:\/\/luminavillasalgarve.com\/pt-pt\/galeria\/#breadcrumb","itemListElement":[{"@type":"ListItem","position":1,"name":"In\u00edcio","item":"https:\/\/luminavillasalgarve.com\/pt-pt\/"},{"@type":"ListItem","position":2,"name":"Lumina Villas | Galeria"}]},{"@type":"WebSite","@id":"https:\/\/luminavillasalgarve.com\/pt-pt\/#website","url":"https:\/\/luminavillasalgarve.com\/pt-pt\/","name":"Live the &ldquo;Sunny Easy Life&rdquo; at Lumina Villas in Carvoeiro, Algarve. An intimate, gated enclave of fully equipped townhouses in postcard-pretty Carvoeiro, designed for effortless indoor-outdoor living with private gardens and terraces. Book now to secure your preferred dates and create the Algarve holiday you&rsquo;ve been dreaming of.","description":"A gated condominium in Algarve, Carvoeiro of townhouse-style villas with generous private gardens, terraces and balconies\u2014paired with resort facilities designed for relaxed family stays","publisher":{"@id":"https:\/\/luminavillasalgarve.com\/pt-pt\/#organization"},"potentialAction":[{"@type":"SearchAction","target":{"@type":"EntryPoint","urlTemplate":"https:\/\/luminavillasalgarve.com\/pt-pt\/?s={search_term_string}"},"query-input":{"@type":"PropertyValueSpecification","valueRequired":true,"valueName":"search_term_string"}}],"inLanguage":"pt-PT"},{"@type":"Organization","@id":"https:\/\/luminavillasalgarve.com\/pt-pt\/#organization","name":"Live the &ldquo;Sunny Easy Life&rdquo; at Lumina Villas in Carvoeiro, Algarve. An intimate, gated enclave of fully equipped townhouses in postcard-pretty Carvoeiro, designed for effortless indoor-outdoor living with private gardens and terraces. Book now to secure your preferred dates and create the Algarve holiday you&rsquo;ve been dreaming of.","url":"https:\/\/luminavillasalgarve.com\/pt-pt\/","logo":{"@type":"ImageObject","inLanguage":"pt-PT","@id":"https:\/\/luminavillasalgarve.com\/pt-pt\/#\/schema\/logo\/image\/","url":"","contentUrl":"","caption":"Live the &ldquo;Sunny Easy Life&rdquo; at Lumina Villas in Carvoeiro, Algarve.  An intimate, gated enclave of fully equipped townhouses in postcard-pretty Carvoeiro, designed for effortless indoor-outdoor living with private gardens and terraces. Book now to secure your preferred dates and create the Algarve holiday you&rsquo;ve been dreaming of."},"image":{"@id":"https:\/\/luminavillasalgarve.com\/pt-pt\/#\/schema\/logo\/image\/"},"sameAs":["https:\/\/www.instagram.com\/herdademonteverde\/"]}]}},"_links":{"self":[{"href":"https:\/\/luminavillasalgarve.com\/pt-pt\/wp-json\/wp\/v2\/pages\/938","targetHints":{"allow":["GET"]}}],"collection":[{"href":"https:\/\/luminavillasalgarve.com\/pt-pt\/wp-json\/wp\/v2\/pages"}],"about":[{"href":"https:\/\/luminavillasalgarve.com\/pt-pt\/wp-json\/wp\/v2\/types\/page"}],"author":[{"embeddable":true,"href":"https:\/\/luminavillasalgarve.com\/pt-pt\/wp-json\/wp\/v2\/users\/1"}],"replies":[{"embeddable":true,"href":"https:\/\/luminavillasalgarve.com\/pt-pt\/wp-json\/wp\/v2\/comments?post=938"}],"version-history":[{"count":27,"href":"https:\/\/luminavillasalgarve.com\/pt-pt\/wp-json\/wp\/v2\/pages\/938\/revisions"}],"predecessor-version":[{"id":1974,"href":"https:\/\/luminavillasalgarve.com\/pt-pt\/wp-json\/wp\/v2\/pages\/938\/revisions\/1974"}],"wp:attachment":[{"href":"https:\/\/luminavillasalgarve.com\/pt-pt\/wp-json\/wp\/v2\/media?parent=938"}],"curies":[{"name":"wp","href":"https:\/\/api.w.org\/{rel}","templated":true}]}}